{"id":25276,"date":"2023-04-22T01:41:05","date_gmt":"2023-04-22T00:41:05","guid":{"rendered":"https:\/\/laurusevolve.com\/?page_id=25276"},"modified":"2024-01-21T15:05:36","modified_gmt":"2024-01-21T14:05:36","slug":"consulting","status":"publish","type":"page","link":"https:\/\/laurusevolve.com\/index.php\/consulting\/","title":{"rendered":"Consulting"},"content":{"rendered":"\t\t<div data-elementor-type=\"wp-page\" data-elementor-id=\"25276\" class=\"elementor elementor-25276\">\n\t\t\t\t\t\t\t\t\t<section class=\"elementor-section elementor-top-section elementor-element elementor-element-5f7f1cd9 elementor-section-boxed elementor-section-height-default elementor-section-height-default\" data-id=\"5f7f1cd9\" data-element_type=\"section\" data-settings=\"{&quot;background_background&quot;:&quot;classic&quot;}\">\n\t\t\t\t\t\t<div class=\"elementor-container elementor-column-gap-no\">\n\t\t\t\t\t<div class=\"elementor-column elementor-col-100 elementor-top-column elementor-element elementor-element-13794d11\" data-id=\"13794d11\" data-element_type=\"column\">\n\t\t\t<div class=\"elementor-widget-wrap elementor-element-populated\">\n\t\t\t\t\t\t\t\t<div class=\"elementor-element elementor-element-2ed73a1d elementor-widget elementor-widget-heading\" data-id=\"2ed73a1d\" data-element_type=\"widget\" data-widget_type=\"heading.default\">\n\t\t\t\t<div class=\"elementor-widget-container\">\n\t\t\t<style>\/*! elementor - v3.12.1 - 02-04-2023 *\/\n.elementor-heading-title{padding:0;margin:0;line-height:1}.elementor-widget-heading .elementor-heading-title[class*=elementor-size-]>a{color:inherit;font-size:inherit;line-height:inherit}.elementor-widget-heading .elementor-heading-title.elementor-size-small{font-size:15px}.elementor-widget-heading .elementor-heading-title.elementor-size-medium{font-size:19px}.elementor-widget-heading .elementor-heading-title.elementor-size-large{font-size:29px}.elementor-widget-heading .elementor-heading-title.elementor-size-xl{font-size:39px}.elementor-widget-heading .elementor-heading-title.elementor-size-xxl{font-size:59px}<\/style><h1 class=\"elementor-heading-title elementor-size-default\">Consulting<\/h1>\t\t<\/div>\n\t\t\t\t<\/div>\n\t\t\t\t\t<\/div>\n\t\t<\/div>\n\t\t\t\t\t\t\t<\/div>\n\t\t<\/section>\n\t\t\t\t<section class=\"elementor-section elementor-top-section elementor-element elementor-element-acd6d50 elementor-section-boxed elementor-section-height-default elementor-section-height-default\" data-id=\"acd6d50\" data-element_type=\"section\" data-settings=\"{&quot;background_background&quot;:&quot;classic&quot;}\">\n\t\t\t\t\t\t<div class=\"elementor-container elementor-column-gap-default\">\n\t\t\t\t\t<div class=\"elementor-column elementor-col-100 elementor-top-column elementor-element elementor-element-1bc980a\" data-id=\"1bc980a\" data-element_type=\"column\">\n\t\t\t<div class=\"elementor-widget-wrap elementor-element-populated\">\n\t\t\t\t\t\t\t\t<div class=\"elementor-element elementor-element-960da5e elementor-widget elementor-widget-text-editor\" data-id=\"960da5e\" data-element_type=\"widget\" data-widget_type=\"text-editor.default\">\n\t\t\t\t<div class=\"elementor-widget-container\">\n\t\t\t<style>\/*! elementor - v3.12.1 - 02-04-2023 *\/\n.elementor-widget-text-editor.elementor-drop-cap-view-stacked .elementor-drop-cap{background-color:#69727d;color:#fff}.elementor-widget-text-editor.elementor-drop-cap-view-framed .elementor-drop-cap{color:#69727d;border:3px solid;background-color:transparent}.elementor-widget-text-editor:not(.elementor-drop-cap-view-default) .elementor-drop-cap{margin-top:8px}.elementor-widget-text-editor:not(.elementor-drop-cap-view-default) .elementor-drop-cap-letter{width:1em;height:1em}.elementor-widget-text-editor .elementor-drop-cap{float:left;text-align:center;line-height:1;font-size:50px}.elementor-widget-text-editor .elementor-drop-cap-letter{display:inline-block}<\/style>\t\t\t\t<div class=\"content\" style=\"color: #000000; font-size: medium;\" tabindex=\"0\" aria-description=\"\"><div class=\"ac-container ac-adaptiveCard\"><div class=\"ac-textBlock\"><p>Bienvenue \u00e0 notre page de consulting! Notre \u00e9quipe d\u2019experts est pr\u00eate \u00e0 vous aider \u00e0 naviguer dans vos d\u00e9fis les plus complexes.<\/p><p>Nous combinons notre expertise approfondie avec une approche personnalis\u00e9e pour fournir des solutions qui r\u00e9pondent \u00e0 vos besoins uniques.<\/p><p>Explorez nos services de consulting et d\u00e9couvrez comment nous pouvons vous aider \u00e0 atteindre vos objectifs. Nous sommes impatients de collaborer avec vous.<\/p><\/div><\/div><\/div>\t\t\t\t\t\t<\/div>\n\t\t\t\t<\/div>\n\t\t\t\t\t<\/div>\n\t\t<\/div>\n\t\t\t\t\t\t\t<\/div>\n\t\t<\/section>\n\t\t\t\t<section class=\"elementor-section elementor-top-section elementor-element elementor-element-eligios elementor-section-content-middle elementor-reverse-mobile elementor-section-boxed elementor-section-height-default elementor-section-height-default\" data-id=\"eligios\" data-element_type=\"section\" data-settings=\"{&quot;background_background&quot;:&quot;classic&quot;}\">\n\t\t\t\t\t\t\t<div class=\"elementor-background-overlay\"><\/div>\n\t\t\t\t\t\t\t<div class=\"elementor-container elementor-column-gap-no\">\n\t\t\t\t\t<div class=\"elementor-column elementor-col-50 elementor-top-column elementor-element elementor-element-0c36485\" data-id=\"0c36485\" data-element_type=\"column\">\n\t\t\t<div class=\"elementor-widget-wrap elementor-element-populated\">\n\t\t\t\t\t\t\t\t<div class=\"elementor-element elementor-element-124b988 elementor-widget elementor-widget-heading\" data-id=\"124b988\" data-element_type=\"widget\" data-widget_type=\"heading.default\">\n\t\t\t\t<div class=\"elementor-widget-container\">\n\t\t\t<h2 class=\"elementor-heading-title elementor-size-default\">Conseil en strat\u00e9gie<\/h2>\t\t<\/div>\n\t\t\t\t<\/div>\n\t\t\t\t<div class=\"elementor-element elementor-element-de68298 elementor-widget elementor-widget-text-editor\" data-id=\"de68298\" data-element_type=\"widget\" data-widget_type=\"text-editor.default\">\n\t\t\t\t<div class=\"elementor-widget-container\">\n\t\t\t\t\t\t\t<div class=\"content\" style=\"color: #000000; font-size: medium;\" tabindex=\"0\" aria-description=\"\"><div class=\"ac-container ac-adaptiveCard\"><div class=\"ac-textBlock\"><p>Nous sommes passionn\u00e9s par la cr\u00e9ation de strat\u00e9gies innovantes qui propulsent votre entreprise vers l\u2019avant.<\/p><p>Notre \u00e9quipe d\u2019experts travaille en \u00e9troite collaboration avec vous pour comprendre vos objectifs, identifier les opportunit\u00e9s et concevoir des plans d\u2019action efficaces.<\/p><p>Que vous cherchiez \u00e0 p\u00e9n\u00e9trer de nouveaux march\u00e9s, \u00e0 optimiser vos op\u00e9rations ou \u00e0 stimuler la croissance, nous sommes l\u00e0 pour vous.<\/p><\/div><\/div><\/div>\t\t\t\t\t\t<\/div>\n\t\t\t\t<\/div>\n\t\t\t\t\t<\/div>\n\t\t<\/div>\n\t\t\t\t<div class=\"elementor-column elementor-col-50 elementor-top-column elementor-element elementor-element-26fcf8e\" data-id=\"26fcf8e\" data-element_type=\"column\">\n\t\t\t<div class=\"elementor-widget-wrap elementor-element-populated\">\n\t\t\t\t\t\t\t\t<div class=\"elementor-element elementor-element-ff4cfca elementor-widget elementor-widget-image\" data-id=\"ff4cfca\" data-element_type=\"widget\" data-widget_type=\"image.default\">\n\t\t\t\t<div class=\"elementor-widget-container\">\n\t\t\t<style>\/*! elementor - v3.12.1 - 02-04-2023 *\/\n.elementor-widget-image{text-align:center}.elementor-widget-image a{display:inline-block}.elementor-widget-image a img[src$=\".svg\"]{width:48px}.elementor-widget-image img{vertical-align:middle;display:inline-block}<\/style>\t\t\t\t\t\t\t\t\t\t\t\t<img loading=\"lazy\" decoding=\"async\" width=\"1024\" height=\"683\" src=\"https:\/\/laurusevolve.com\/wp-content\/uploads\/2024\/01\/pexels-the-coach-space-2977547-1024x683.jpg\" class=\"attachment-large size-large wp-image-25344\" alt=\"\" \/>\t\t\t\t\t\t\t\t\t\t\t\t\t\t\t<\/div>\n\t\t\t\t<\/div>\n\t\t\t\t\t<\/div>\n\t\t<\/div>\n\t\t\t\t\t\t\t<\/div>\n\t\t<\/section>\n\t\t\t\t<section class=\"elementor-section elementor-top-section elementor-element elementor-element-fd698a7 elementor-section-content-middle elementor-reverse-mobile elementor-section-boxed elementor-section-height-default elementor-section-height-default\" data-id=\"fd698a7\" data-element_type=\"section\" data-settings=\"{&quot;background_background&quot;:&quot;classic&quot;}\">\n\t\t\t\t\t\t\t<div class=\"elementor-background-overlay\"><\/div>\n\t\t\t\t\t\t\t<div class=\"elementor-container elementor-column-gap-no\">\n\t\t\t\t\t<div class=\"elementor-column elementor-col-50 elementor-top-column elementor-element elementor-element-1b573f7\" data-id=\"1b573f7\" data-element_type=\"column\">\n\t\t\t<div class=\"elementor-widget-wrap elementor-element-populated\">\n\t\t\t\t\t\t\t\t<div class=\"elementor-element elementor-element-0b8cad8 elementor-widget elementor-widget-image\" data-id=\"0b8cad8\" data-element_type=\"widget\" data-widget_type=\"image.default\">\n\t\t\t\t<div class=\"elementor-widget-container\">\n\t\t\t\t\t\t\t\t\t\t\t\t\t\t\t<img loading=\"lazy\" decoding=\"async\" width=\"1024\" height=\"683\" src=\"https:\/\/laurusevolve.com\/wp-content\/uploads\/2024\/01\/pexels-the-coach-space-2977565-1024x683.jpg\" class=\"attachment-large size-large wp-image-25343\" alt=\"\" \/>\t\t\t\t\t\t\t\t\t\t\t\t\t\t\t<\/div>\n\t\t\t\t<\/div>\n\t\t\t\t\t<\/div>\n\t\t<\/div>\n\t\t\t\t<div class=\"elementor-column elementor-col-50 elementor-top-column elementor-element elementor-element-528b6c0\" data-id=\"528b6c0\" data-element_type=\"column\">\n\t\t\t<div class=\"elementor-widget-wrap elementor-element-populated\">\n\t\t\t\t\t\t\t\t<div class=\"elementor-element elementor-element-74001db elementor-widget elementor-widget-heading\" data-id=\"74001db\" data-element_type=\"widget\" data-widget_type=\"heading.default\">\n\t\t\t\t<div class=\"elementor-widget-container\">\n\t\t\t<h2 class=\"elementor-heading-title elementor-size-default\">Conseil en organisation<\/h2>\t\t<\/div>\n\t\t\t\t<\/div>\n\t\t\t\t<div class=\"elementor-element elementor-element-d0b79be elementor-widget elementor-widget-text-editor\" data-id=\"d0b79be\" data-element_type=\"widget\" data-widget_type=\"text-editor.default\">\n\t\t\t\t<div class=\"elementor-widget-container\">\n\t\t\t\t\t\t\t<div class=\"content\" style=\"color: #000000; font-size: medium;\" tabindex=\"0\" aria-description=\"\"><div class=\"ac-container ac-adaptiveCard\"><div class=\"ac-textBlock\"><p>Nous sommes passionn\u00e9s par la cr\u00e9ation de strat\u00e9gies innovantes qui propulsent votre entreprise vers l\u2019avant.<\/p><p>Notre \u00e9quipe d\u2019experts travaille en \u00e9troite collaboration avec vous pour comprendre vos objectifs, identifier les opportunit\u00e9s et concevoir des plans d\u2019action efficaces.<\/p><p>Que vous cherchiez \u00e0 p\u00e9n\u00e9trer de nouveaux march\u00e9s, \u00e0 optimiser vos op\u00e9rations ou \u00e0 stimuler la croissance, nous sommes l\u00e0 pour vous.<\/p><\/div><\/div><\/div>\t\t\t\t\t\t<\/div>\n\t\t\t\t<\/div>\n\t\t\t\t\t<\/div>\n\t\t<\/div>\n\t\t\t\t\t\t\t<\/div>\n\t\t<\/section>\n\t\t\t\t<section class=\"elementor-section elementor-top-section elementor-element elementor-element-6721d1b elementor-section-content-middle elementor-reverse-mobile elementor-section-boxed elementor-section-height-default elementor-section-height-default\" data-id=\"6721d1b\" data-element_type=\"section\" data-settings=\"{&quot;background_background&quot;:&quot;classic&quot;}\">\n\t\t\t\t\t\t\t<div class=\"elementor-background-overlay\"><\/div>\n\t\t\t\t\t\t\t<div class=\"elementor-container elementor-column-gap-no\">\n\t\t\t\t\t<div class=\"elementor-column elementor-col-50 elementor-top-column elementor-element elementor-element-aaa2a65\" data-id=\"aaa2a65\" data-element_type=\"column\">\n\t\t\t<div class=\"elementor-widget-wrap elementor-element-populated\">\n\t\t\t\t\t\t\t\t<div class=\"elementor-element elementor-element-4d9be70 elementor-widget elementor-widget-heading\" data-id=\"4d9be70\" data-element_type=\"widget\" data-widget_type=\"heading.default\">\n\t\t\t\t<div class=\"elementor-widget-container\">\n\t\t\t<h2 class=\"elementor-heading-title elementor-size-default\">Conseil en audit<\/h2>\t\t<\/div>\n\t\t\t\t<\/div>\n\t\t\t\t<div class=\"elementor-element elementor-element-17a867e elementor-widget elementor-widget-text-editor\" data-id=\"17a867e\" data-element_type=\"widget\" data-widget_type=\"text-editor.default\">\n\t\t\t\t<div class=\"elementor-widget-container\">\n\t\t\t\t\t\t\t<div class=\"content\" style=\"color: #000000; font-size: medium;\" tabindex=\"0\" aria-description=\"\"><div class=\"ac-container ac-adaptiveCard\"><div class=\"ac-textBlock\"><p>Nous sommes passionn\u00e9s par la cr\u00e9ation de strat\u00e9gies innovantes qui propulsent votre entreprise vers l\u2019avant.<\/p><p>Notre \u00e9quipe d\u2019experts travaille en \u00e9troite collaboration avec vous pour comprendre vos objectifs, identifier les opportunit\u00e9s et concevoir des plans d\u2019action efficaces.<\/p><p>Que vous cherchiez \u00e0 p\u00e9n\u00e9trer de nouveaux march\u00e9s, \u00e0 optimiser vos op\u00e9rations ou \u00e0 stimuler la croissance, nous sommes l\u00e0 pour vous.<\/p><\/div><\/div><\/div>\t\t\t\t\t\t<\/div>\n\t\t\t\t<\/div>\n\t\t\t\t\t<\/div>\n\t\t<\/div>\n\t\t\t\t<div class=\"elementor-column elementor-col-50 elementor-top-column elementor-element elementor-element-e170bd7\" data-id=\"e170bd7\" data-element_type=\"column\">\n\t\t\t<div class=\"elementor-widget-wrap elementor-element-populated\">\n\t\t\t\t\t\t\t\t<div class=\"elementor-element elementor-element-6e84033 elementor-widget elementor-widget-image\" data-id=\"6e84033\" data-element_type=\"widget\" data-widget_type=\"image.default\">\n\t\t\t\t<div class=\"elementor-widget-container\">\n\t\t\t\t\t\t\t\t\t\t\t\t\t\t\t<img loading=\"lazy\" decoding=\"async\" width=\"1024\" height=\"683\" src=\"https:\/\/laurusevolve.com\/wp-content\/uploads\/2024\/01\/pexels-andrea-piacquadio-3760067-1024x683.jpg\" class=\"attachment-large size-large wp-image-25342\" alt=\"\" \/>\t\t\t\t\t\t\t\t\t\t\t\t\t\t\t<\/div>\n\t\t\t\t<\/div>\n\t\t\t\t\t<\/div>\n\t\t<\/div>\n\t\t\t\t\t\t\t<\/div>\n\t\t<\/section>\n\t\t\t\t\t\t\t<\/div>\n\t\t","protected":false},"excerpt":{"rendered":"<p>Consulting Bienvenue \u00e0 notre page de consulting! Notre \u00e9quipe d\u2019experts est pr\u00eate \u00e0 vous aider \u00e0 naviguer dans vos d\u00e9fis les plus complexes. Nous combinons notre expertise approfondie avec une approche personnalis\u00e9e pour fournir des solutions qui r\u00e9pondent \u00e0 vos besoins uniques. Explorez nos services de consulting et d\u00e9couvrez comment nous pouvons vous aider \u00e0 &hellip;<\/p>\n<p class=\"read-more\"> <a class=\"\" href=\"https:\/\/laurusevolve.com\/index.php\/consulting\/\"> <span class=\"screen-reader-text\">Consulting<\/span> Lire la suite\u00a0\u00bb<\/a><\/p>\n","protected":false},"author":2,"featured_media":0,"parent":0,"menu_order":0,"comment_status":"closed","ping_status":"closed","template":"","meta":{"site-sidebar-layout":"no-sidebar","site-content-layout":"page-builder","ast-global-header-display":"","ast-main-header-display":"","ast-hfb-above-header-display":"","ast-hfb-below-header-display":"","ast-hfb-mobile-header-display":"","site-post-title":"disabled","ast-breadcrumbs-content":"","ast-featured-img":"disabled","footer-sml-layout":"","theme-transparent-header-meta":"","adv-header-id-meta":"","stick-header-meta":"","header-above-stick-meta":"","header-main-stick-meta":"","header-below-stick-meta":"","footnotes":""},"class_list":["post-25276","page","type-page","status-publish","hentry"],"rttpg_featured_image_url":null,"rttpg_author":{"display_name":"Selim Bamri","author_link":"https:\/\/laurusevolve.com\/index.php\/author\/selim-bamri\/"},"rttpg_comment":0,"rttpg_category":null,"rttpg_excerpt":"Consulting Bienvenue \u00e0 notre page de consulting! Notre \u00e9quipe d\u2019experts est pr\u00eate \u00e0 vous aider \u00e0 naviguer dans vos d\u00e9fis les plus complexes. Nous combinons notre expertise approfondie avec une approche personnalis\u00e9e pour fournir des solutions qui r\u00e9pondent \u00e0 vos besoins uniques. Explorez nos services de consulting et d\u00e9couvrez comment nous pouvons vous aider \u00e0\u2026","_links":{"self":[{"href":"https:\/\/laurusevolve.com\/index.php\/wp-json\/wp\/v2\/pages\/25276","targetHints":{"allow":["GET"]}}],"collection":[{"href":"https:\/\/laurusevolve.com\/index.php\/wp-json\/wp\/v2\/pages"}],"about":[{"href":"https:\/\/laurusevolve.com\/index.php\/wp-json\/wp\/v2\/types\/page"}],"author":[{"embeddable":true,"href":"https:\/\/laurusevolve.com\/index.php\/wp-json\/wp\/v2\/users\/2"}],"replies":[{"embeddable":true,"href":"https:\/\/laurusevolve.com\/index.php\/wp-json\/wp\/v2\/comments?post=25276"}],"version-history":[{"count":13,"href":"https:\/\/laurusevolve.com\/index.php\/wp-json\/wp\/v2\/pages\/25276\/revisions"}],"predecessor-version":[{"id":25386,"href":"https:\/\/laurusevolve.com\/index.php\/wp-json\/wp\/v2\/pages\/25276\/revisions\/25386"}],"wp:attachment":[{"href":"https:\/\/laurusevolve.com\/index.php\/wp-json\/wp\/v2\/media?parent=25276"}],"curies":[{"name":"wp","href":"https:\/\/api.w.org\/{rel}","templated":true}]}}